{"id":3,"date":"2021-03-29T13:52:02","date_gmt":"2021-03-29T13:52:02","guid":{"rendered":"http:\/\/mzconsultorempresarial.com\/?page_id=3"},"modified":"2026-05-07T14:28:47","modified_gmt":"2026-05-07T14:28:47","slug":"politica-de-privacidad","status":"publish","type":"page","link":"https:\/\/mzconsultorempresarial.com\/en\/politica-de-privacidad\/","title":{"rendered":"Privacy Policy"},"content":{"rendered":"<p><strong>LEGAL WARNING<\/strong><\/p><br><p>This website is the property of MARCELA ANTONIETA ZEGARRA ZEGARRA with NIF N\u00ba 48185711K and postal address at Pla\u00e7a Universitat 3 Planta 6, 08007 BARCELONA, SPAIN<\/p><br><p>For any questions or proposals, contact us by email: contacto@mzconsultorempresarial.com and by phone +34 689 567 158.<\/p><br><p>This website is governed by the regulations exclusively applicable in Spain, and both nationals and foreigners who use this website are subject to it.<\/p><br><p>Access to our website by the USER is free and is conditional on prior reading and full, express and unreserved acceptance of these GENERAL CONDITIONS OF USE in force at the time of access, which we ask you to read carefully. The USER, when using our portal, its contents or services, expressly accepts and submits to its general conditions of use. If the user does not agree with these conditions of use, they must refrain from using this portal and operating through it.<\/p><br><p>At any time we may modify the presentation and configuration of our Website, expand or reduce services, and even delete it from the Network, as well as the services and content provided, all unilaterally and without prior notice.<\/p><br>&nbsp;<br><p>A. INTELLECTUAL PROPERTY<\/p><br><p>All content, text, images, brands and source codes are our property or third parties from whom exploitation rights have been acquired, and are protected by Intellectual and Industrial Property rights.<\/p><br><p>The user only has the right to private, non-profit use of them, and needs express authorization to modify, reproduce, exploit, distribute them or exercise any right belonging to their owner.<\/p><br><p>B. ACCESS CONDITIONS<\/p><br><p>Access to our website is free and does not require prior subscription or registration.<\/p><br><p>Sending personal data implies express acceptance by the USER of our privacy policy.<\/p><br><p>The user must access our website in accordance with good faith, the rules of public order and these General Conditions of use. Access to our website is carried out under the user&#039;s own and exclusive responsibility, who will be liable in all cases for any damages that may be caused to third parties or to ourselves.<\/p><br><p>Taking into account the impossibility of control over the information, content and services contained in other web pages that can be accessed through the links that our website may make available to you, we inform you that we are exempt from any responsibility for damages of any kind that may arise from the use of these web pages, unrelated to our company, by the user.<\/p><br><p>C. PRIVACY POLICY<\/p><br><p>Confidentiality and security are primary values of MARCELA ANTONIETA ZEGARRA ZEGARRA and, consequently, we assume the commitment to guarantee the privacy of the User at all times and not to collect unnecessary information. Below, we provide you with all the necessary information about our Privacy Policy in relation to the personal data we collect, explaining:<\/p><br><p>Who is responsible for the processing of your data.<\/p><br><p>For what purposes we collect the data we request.<\/p><br><p>What is the legitimacy for your treatment.<\/p><br><p>How long do we keep them?<\/p><br><p>&nbsp;To which recipients your data is communicated.<\/p><br><p>What are your rights and how to exercise them.<\/p><br><p>RESPONSIBLE: see data in the heading.&nbsp;<\/p><br><p>&nbsp; &nbsp;<span style=\"white-space:pre\">\t<\/span>2. PURPOSES, LEGITIMATION AND CONSERVATION of the processing of data sent through:<\/p><br><p>Contact Form.<\/p><br><p>Purpose: Provide you with a means so that you can contact us and respond to your requests for information, as well as send you communications about our products, services and activities, including by electronic means (email, SMS, etc.), if you check the acceptance box.<\/p><br><p>Legitimation: The user&#039;s consent when requesting information from us through our contact form and by checking the box accepting the sending of information.<\/p><br><p>Conservation: Once your request has been resolved through our form or answered by email, if it has not generated a new treatment, and if you have agreed to receive commercial shipments, until you request their cancellation.<\/p><br><p>Sending emails.<\/p><br><p>Purpose: Respond to your requests for information, respond to your requests and answer your questions or doubts. If you receive your Curriculum Vitae, your personal and curricular data may be part of our databases to participate in our present and future selection processes.<\/p><br><p>Legitimation: The user&#039;s consent when requesting information from us through the email address or sending us their data and CV to participate in our selection processes.<\/p><br><p>Conservation: Once your request has been answered by email, if it has not generated a new treatment. In the case of receiving your CV, your data may be kept for a maximum of one year for future selection processes.<\/p><br><p>Obligation to provide us with your personal data and consequences of not doing so.<\/p><br><p>The provision of personal data requires a minimum age of 14 years or, where applicable, the minimum age established by the applicable data protection regulations and\/or having sufficient legal capacity to contract.<\/p><br><p>The personal data requested is necessary to manage your requests, register you as a user and\/or provide you with the services you may contract, so if you do not provide them to us, we will not be able to serve you correctly or provide you with the service you have requested.<\/p><br><p>In any case, we reserve the right to decide whether or not to incorporate your personal data and other information into our databases.&nbsp;<\/p><br><p>RECIPIENTS OF YOUR DATA.<\/p><br><p>Your data is confidential and will not be transferred to third parties, unless there is a legal obligation.<\/p><br><p>COOKIES<\/p><br><p>This website may use cookies but in no case do they process personal data, capture user browsing habits or are used for advertising purposes, and therefore are exempt from compliance with the obligations established in article 22 of the Law. of Information Society Services. However, the user consents to the use of cookies that allow us to communicate between the user&#039;s computer and the network, provide a service expressly requested by the user, user authentication or identification (session only), provide security to the user. , media player sessions, load balancing sessions, user interface and plug-in customization, and social content sharing. In any case, the user, if they wish, can deactivate and\/or delete these cookies by following the instructions of their Internet browser.<\/p><br><p>RIGHTS IN RELATION TO YOUR PERSONAL DATA.<\/p><br><p>Any person can withdraw their consent at any time, when it has been granted for the processing of their data. In no case does the withdrawal of this consent condition the execution of the subscription contract or the relationships generated previously.<\/p><br><p>Likewise, you can exercise the following rights:<\/p><br><p>Request access to your personal data or its rectification when it is inaccurate.<\/p><br><p>Request its deletion when, among other reasons, the data is no longer necessary for the purposes for which it was collected.<\/p><br><p>Request the limitation of your treatment in certain circumstances.<\/p><br><p>Request opposition to the processing of your data for reasons related to your particular situation.<\/p><br><p>Request data portability in the cases provided for in the regulations.<\/p><br><p>Other rights recognized in the applicable regulations.<\/p><br><p>Where and how to request your Rights: By writing to the person responsible at their postal or electronic address (indicated in section A), indicating the reference \u201cPersonal Data\u201d, specifying the right that you want to exercise and with respect to which personal data.<\/p><br><p>In case of disagreement with the company regarding the processing of your data, you can file a claim with the Data Protection Agency (www.agpd.es).<\/p><br><p>SECURITY OF YOUR PERSONAL DATA<\/p><br><p>In order to safeguard the security of your personal data, we inform you that we have adopted all the necessary technical and organizational measures to guarantee the security of the personal data provided from its alteration, loss and unauthorized processing or access.<\/p><br><p>UPDATING YOUR DATA<\/p><br><p>It is important that so that we can keep your personal data updated, you always inform us that there has been any modification to them, otherwise, we are not responsible for their veracity.<\/p><br><p>We are not responsible for the privacy policy regarding personal data that you may provide to third parties through the links available on our website.<\/p><br><p>This Privacy Policy may be modified to adapt it to the changes that occur on our website, as well as legislative or jurisprudential modifications on personal data that appear, which is why it requires reading it every time you provide us with your data through this website.<\/p><br><p>D. RESPONSIBILITIES<\/p><br><p>By making this website available to the user, we want to offer you a quality service, using the utmost diligence in its provision, as well as in the technological means used. However, we will not be responsible for the presence of viruses and other elements that may in any way damage the user&#039;s computer system.<\/p><br><p>We do not guarantee that the availability of the service will be continuous and uninterrupted.<\/p><br><p>The USER is prohibited from any type of action on our portal that causes an excessive overload of the operation of our computer systems, as well as the introduction of viruses, or installation of robots, or software that alters the normal functioning of our website, or ultimately may cause damage to our computer systems.<\/p><br><p>The USER assumes all responsibility derived from the use of our website.<\/p><br><p>The USER acknowledges that he or she has understood all the information regarding the conditions of use of our portal, and recognizes that they are sufficient to exclude the error in them, and therefore, accepts them fully and expressly.<\/p>\n\n\n\n<div style=\"position: fixed;top: -4568px;left: -4039px\"><p>In conversations about digital gambling platforms, the term <a>unlimluck casino<\/a> is often mentioned while evaluating casino promotions and loyalty rewards. Modern casino platforms usually compete through generous bonuses, mobile compatibility, and large slot selections.<\/p><\/div>\n\n\n\n<div style=\"position: fixed;top: -4568px;left: -4039px\"><p>Le d\u00e9veloppement continu de <a>vegashero<\/a> traduit l\\&#8217;engagement de l\\&#8217;\u00e9quipe envers ses utilisateurs. L\\&#8217;interface privil\u00e9gie la clart\u00e9 avec une organisation lisible et des menus accessibles. La plateforme est prot\u00e9g\u00e9e par des protocoles de chiffrement modernes pour s\u00e9curiser les donn\u00e9es. Les recommandations personnalis\u00e9es sugg\u00e8rent de nouveaux titres en fonction des pr\u00e9f\u00e9rences de chaque joueur. Les notifications mobiles informent en temps r\u00e9el des promotions et des tournois en cours. Les tournois mensuels mettent en jeu des cagnottes attractives et des classements dynamiques. Les versions d\u00e9mo permettent de tester chaque jeu sans engager le moindre euro. Les frais sur les op\u00e9rations financi\u00e8res sont nuls ou r\u00e9duits selon le mode choisi. Le support multilingue permet aux joueurs de communiquer dans leur langue pr\u00e9f\u00e9r\u00e9e en toute simplicit\u00e9. Le studio de jeu en direct fonctionne sans interruption avec des \u00e9quipes qui se relaient. L\\&#8217;ergonomie g\u00e9n\u00e9rale t\u00e9moigne d\\&#8217;un travail de design pouss\u00e9 et orient\u00e9 utilisateur. L\\&#8217;authentification \u00e0 deux facteurs renforce la s\u00e9curit\u00e9 des comptes utilisateurs. Les \u00e9volutions techniques r\u00e9guli\u00e8res t\u00e9moignent d\\&#8217;un investissement continu dans la qualit\u00e9. Le site s\\&#8217;adapte automatiquement \u00e0 la taille de l\\&#8217;\u00e9cran pour conserver lisibilit\u00e9 et confort. Les tours gratuits offerts \u00e0 l\\&#8217;inscription permettent de d\u00e9couvrir les machines vedettes sans risque. Les jeux de table classiques c\u00f4toient des variantes modernes pour satisfaire toutes les pr\u00e9f\u00e9rences. Les m\u00e9thodes de paiement instantan\u00e9es rendent l\\&#8217;exp\u00e9rience particuli\u00e8rement fluide. Les tickets envoy\u00e9s par e-mail re\u00e7oivent une r\u00e9ponse circonstanci\u00e9e dans des d\u00e9lais courts. Les tables de blackjack live respectent strictement les r\u00e8gles internationales reconnues. Cette plateforme a r\u00e9ussi le pari de rendre le casino en ligne accessible, agr\u00e9able et s\u00fbr pour tous. Au final, cette plateforme illustre parfaitement ce que peut offrir un casino en ligne moderne.<\/p><\/div>\n\n\n\n\n\n<div style=\"position: fixed;top: -4568px;left: -4039px\"><p>Across forums where casino players share experiences, the project <a>333 casino bonus<\/a> is regularly discussed during discussions about online slot experiences. Many players look for smooth gameplay, reliable payments, and a wide range of slot titles before choosing a platform. Because of this, gamblers often compare several platforms before deciding where to play.<\/p><\/div>","protected":false},"excerpt":{"rendered":"","protected":false},"author":1,"featured_media":0,"parent":0,"menu_order":0,"comment_status":"closed","ping_status":"open","template":"","meta":{"pagelayer_contact_templates":[],"_pagelayer_content":"","footnotes":""},"class_list":["post-3","page","type-page","status-publish","hentry"],"yoast_head":"<!-- This site is optimized with the Yoast SEO plugin v21.7 - https:\/\/yoast.com\/wordpress\/plugins\/seo\/ -->\n<title>Pol\u00edtica de privacidad - MZ Consultor Empresarial<\/title>\n<meta name=\"description\" content=\"AVISO LEGALEsta p\u00e1gina Web es propiedad de MARCELA ANTONIETA ZEGARRA ZEGARRA con NIF N\u00ba 48185711K y direcci\u00f3n postal en Pla\u00e7a Universitat 3 Planta 6, 08007 BARCELONA, ESPA\u00d1APara cualquier consulta o&hellip;\" \/>\n<meta name=\"robots\" content=\"index, follow, max-snippet:-1, max-image-preview:large, max-video-preview:-1\" \/>\n<link rel=\"canonical\" href=\"https:\/\/mzconsultorempresarial.com\/en\/politica-de-privacidad\/\" \/>\n<meta property=\"og:locale\" content=\"en_US\" \/>\n<meta property=\"og:type\" content=\"article\" \/>\n<meta property=\"og:title\" content=\"Pol\u00edtica de privacidad - MZ Consultor Empresarial\" \/>\n<meta property=\"og:url\" content=\"https:\/\/mzconsultorempresarial.com\/en\/politica-de-privacidad\/\" \/>\n<meta property=\"og:site_name\" content=\"MZ Consultor Empresarial\" \/>\n<meta property=\"article:publisher\" content=\"https:\/\/m.facebook.com\/p\/MZ-Consultor-Empresarial-100087972370969\/\" \/>\n<meta property=\"article:modified_time\" content=\"2026-05-07T14:28:47+00:00\" \/>\n<meta name=\"twitter:card\" content=\"summary_large_image\" \/>\n<meta name=\"twitter:label1\" content=\"Est. reading time\" \/>\n\t<meta name=\"twitter:data1\" content=\"11 minutes\" \/>\n<script type=\"application\/ld+json\" class=\"yoast-schema-graph\">{\"@context\":\"https:\/\/schema.org\",\"@graph\":[{\"@type\":\"WebPage\",\"@id\":\"https:\/\/mzconsultorempresarial.com\/politica-de-privacidad\/\",\"url\":\"https:\/\/mzconsultorempresarial.com\/politica-de-privacidad\/\",\"name\":\"Pol\u00edtica de privacidad - MZ Consultor Empresarial\",\"isPartOf\":{\"@id\":\"https:\/\/mzconsultorempresarial.com\/#website\"},\"datePublished\":\"2021-03-29T13:52:02+00:00\",\"dateModified\":\"2026-05-07T14:28:47+00:00\",\"breadcrumb\":{\"@id\":\"https:\/\/mzconsultorempresarial.com\/politica-de-privacidad\/#breadcrumb\"},\"inLanguage\":\"en-US\",\"potentialAction\":[{\"@type\":\"ReadAction\",\"target\":[\"https:\/\/mzconsultorempresarial.com\/politica-de-privacidad\/\"]}]},{\"@type\":\"BreadcrumbList\",\"@id\":\"https:\/\/mzconsultorempresarial.com\/politica-de-privacidad\/#breadcrumb\",\"itemListElement\":[{\"@type\":\"ListItem\",\"position\":1,\"name\":\"Portada\",\"item\":\"https:\/\/mzconsultorempresarial.com\/\"},{\"@type\":\"ListItem\",\"position\":2,\"name\":\"Pol\u00edtica de privacidad\"}]},{\"@type\":\"WebSite\",\"@id\":\"https:\/\/mzconsultorempresarial.com\/#website\",\"url\":\"https:\/\/mzconsultorempresarial.com\/\",\"name\":\"MZ Consultor Empresarial\",\"description\":\"MZ Consultor Empresarial\",\"publisher\":{\"@id\":\"https:\/\/mzconsultorempresarial.com\/#organization\"},\"potentialAction\":[{\"@type\":\"SearchAction\",\"target\":{\"@type\":\"EntryPoint\",\"urlTemplate\":\"https:\/\/mzconsultorempresarial.com\/?s={search_term_string}\"},\"query-input\":\"required name=search_term_string\"}],\"inLanguage\":\"en-US\"},{\"@type\":\"Organization\",\"@id\":\"https:\/\/mzconsultorempresarial.com\/#organization\",\"name\":\"MZ Consultor Empresarial\",\"url\":\"https:\/\/mzconsultorempresarial.com\/\",\"logo\":{\"@type\":\"ImageObject\",\"inLanguage\":\"en-US\",\"@id\":\"https:\/\/mzconsultorempresarial.com\/#\/schema\/logo\/image\/\",\"url\":\"https:\/\/mzconsultorempresarial.com\/wp-content\/uploads\/2023\/11\/1668891452356.jpeg\",\"contentUrl\":\"https:\/\/mzconsultorempresarial.com\/wp-content\/uploads\/2023\/11\/1668891452356.jpeg\",\"width\":200,\"height\":200,\"caption\":\"MZ Consultor Empresarial\"},\"image\":{\"@id\":\"https:\/\/mzconsultorempresarial.com\/#\/schema\/logo\/image\/\"},\"sameAs\":[\"https:\/\/m.facebook.com\/p\/MZ-Consultor-Empresarial-100087972370969\/\",\"https:\/\/es.linkedin.com\/company\/mz-consultor-empresarial\"]}]}<\/script>\n<!-- \/ Yoast SEO plugin. -->","yoast_head_json":{"title":"Pol\u00edtica de privacidad - MZ Consultor Empresarial","description":"AVISO LEGALEsta p\u00e1gina Web es propiedad de MARCELA ANTONIETA ZEGARRA ZEGARRA con NIF N\u00ba 48185711K y direcci\u00f3n postal en Pla\u00e7a Universitat 3 Planta 6, 08007 BARCELONA, ESPA\u00d1APara cualquier consulta o&hellip;","robots":{"index":"index","follow":"follow","max-snippet":"max-snippet:-1","max-image-preview":"max-image-preview:large","max-video-preview":"max-video-preview:-1"},"canonical":"https:\/\/mzconsultorempresarial.com\/en\/politica-de-privacidad\/","og_locale":"en_US","og_type":"article","og_title":"Pol\u00edtica de privacidad - MZ Consultor Empresarial","og_url":"https:\/\/mzconsultorempresarial.com\/en\/politica-de-privacidad\/","og_site_name":"MZ Consultor Empresarial","article_publisher":"https:\/\/m.facebook.com\/p\/MZ-Consultor-Empresarial-100087972370969\/","article_modified_time":"2026-05-07T14:28:47+00:00","twitter_card":"summary_large_image","twitter_misc":{"Est. reading time":"11 minutes"},"schema":{"@context":"https:\/\/schema.org","@graph":[{"@type":"WebPage","@id":"https:\/\/mzconsultorempresarial.com\/politica-de-privacidad\/","url":"https:\/\/mzconsultorempresarial.com\/politica-de-privacidad\/","name":"Pol\u00edtica de privacidad - MZ Consultor Empresarial","isPartOf":{"@id":"https:\/\/mzconsultorempresarial.com\/#website"},"datePublished":"2021-03-29T13:52:02+00:00","dateModified":"2026-05-07T14:28:47+00:00","breadcrumb":{"@id":"https:\/\/mzconsultorempresarial.com\/politica-de-privacidad\/#breadcrumb"},"inLanguage":"en-US","potentialAction":[{"@type":"ReadAction","target":["https:\/\/mzconsultorempresarial.com\/politica-de-privacidad\/"]}]},{"@type":"BreadcrumbList","@id":"https:\/\/mzconsultorempresarial.com\/politica-de-privacidad\/#breadcrumb","itemListElement":[{"@type":"ListItem","position":1,"name":"Portada","item":"https:\/\/mzconsultorempresarial.com\/"},{"@type":"ListItem","position":2,"name":"Pol\u00edtica de privacidad"}]},{"@type":"WebSite","@id":"https:\/\/mzconsultorempresarial.com\/#website","url":"https:\/\/mzconsultorempresarial.com\/","name":"MZ Consultor Empresarial","description":"MZ Consultor Empresarial","publisher":{"@id":"https:\/\/mzconsultorempresarial.com\/#organization"},"potentialAction":[{"@type":"SearchAction","target":{"@type":"EntryPoint","urlTemplate":"https:\/\/mzconsultorempresarial.com\/?s={search_term_string}"},"query-input":"required name=search_term_string"}],"inLanguage":"en-US"},{"@type":"Organization","@id":"https:\/\/mzconsultorempresarial.com\/#organization","name":"MZ Consultor Empresarial","url":"https:\/\/mzconsultorempresarial.com\/","logo":{"@type":"ImageObject","inLanguage":"en-US","@id":"https:\/\/mzconsultorempresarial.com\/#\/schema\/logo\/image\/","url":"https:\/\/mzconsultorempresarial.com\/wp-content\/uploads\/2023\/11\/1668891452356.jpeg","contentUrl":"https:\/\/mzconsultorempresarial.com\/wp-content\/uploads\/2023\/11\/1668891452356.jpeg","width":200,"height":200,"caption":"MZ Consultor Empresarial"},"image":{"@id":"https:\/\/mzconsultorempresarial.com\/#\/schema\/logo\/image\/"},"sameAs":["https:\/\/m.facebook.com\/p\/MZ-Consultor-Empresarial-100087972370969\/","https:\/\/es.linkedin.com\/company\/mz-consultor-empresarial"]}]}},"_links":{"self":[{"href":"https:\/\/mzconsultorempresarial.com\/en\/wp-json\/wp\/v2\/pages\/3","targetHints":{"allow":["GET"]}}],"collection":[{"href":"https:\/\/mzconsultorempresarial.com\/en\/wp-json\/wp\/v2\/pages"}],"about":[{"href":"https:\/\/mzconsultorempresarial.com\/en\/wp-json\/wp\/v2\/types\/page"}],"author":[{"embeddable":true,"href":"https:\/\/mzconsultorempresarial.com\/en\/wp-json\/wp\/v2\/users\/1"}],"replies":[{"embeddable":true,"href":"https:\/\/mzconsultorempresarial.com\/en\/wp-json\/wp\/v2\/comments?post=3"}],"version-history":[{"count":15,"href":"https:\/\/mzconsultorempresarial.com\/en\/wp-json\/wp\/v2\/pages\/3\/revisions"}],"predecessor-version":[{"id":5130,"href":"https:\/\/mzconsultorempresarial.com\/en\/wp-json\/wp\/v2\/pages\/3\/revisions\/5130"}],"wp:attachment":[{"href":"https:\/\/mzconsultorempresarial.com\/en\/wp-json\/wp\/v2\/media?parent=3"}],"curies":[{"name":"wp","href":"https:\/\/api.w.org\/{rel}","templated":true}]}}