{"id":17,"date":"2021-03-29T13:52:10","date_gmt":"2021-03-29T13:52:10","guid":{"rendered":"http:\/\/mzconsultorempresarial.com\/service\/"},"modified":"2023-12-19T01:48:19","modified_gmt":"2023-12-19T01:48:19","slug":"servicios","status":"publish","type":"page","link":"https:\/\/mzconsultorempresarial.com\/en\/servicios\/","title":{"rendered":"Services"},"content":{"rendered":"Services\n\n\n\n\n\n\n<h2><font color=\"#111111\" face=\"Muli\"><span style=\"font-size: 50px;\">OUR SERVICES<\/span><\/font><br><\/h2>\n\n\n\n\n\n<h4 style=\"font-style: normal; font-variant-ligatures: normal; font-variant-caps: normal; text-align: center;\"><span style=\"font-weight: 700; border: 0px; font-style: inherit; font-variant: inherit; font-stretch: inherit; font-size: inherit; line-height: inherit; font-family: inherit; vertical-align: baseline;\">BUSINESS CONSULTING SERVICES&nbsp;<\/span><\/h4>\n<p style=\"text-align: center;\"><span style=\"color: rgb(34, 34, 34); font-family: Arial, Helvetica, sans-serif; font-size: large; text-align: center;\">External financial management, tax and labor accounting advice, digital marketing&nbsp;<\/span><\/p>\n<p style=\"text-align: center;\"><style=\"color: rgb(34, 34, 34); font-family: Arial, Helvetica, sans-serif; font-size: large; text-align: center;\">External financial management, tax and labor accounting advice, digital marketing<br><\/p>\n\n\n\n\n<h4 style=\"font-style: normal; font-variant-ligatures: normal; font-variant-caps: normal; text-align: center;\"><span style=\"font-weight: 700; border: 0px; font-style: inherit; font-variant: inherit; font-stretch: inherit; font-size: inherit; line-height: inherit; font-family: inherit; vertical-align: baseline;\">BACK OFFICE SERVICES<\/span><\/h4>\n<p style=\"text-align: center;\"><style=\"color: rgb(34,=\"\" 34,=\"\" 34);=\"\" font-family:=\"\" arial,=\"\" helvetica,=\"\" sans-serif;=\"\" font-size:=\"\" large;=\"\" text-align:=\"\" center;\"=\"\">Finance, Billing, Accounting, Payroll<br><br><\/style=\"color:><\/p>\n<p style=\"text-align: center;\"><span style=\"color: rgb(34, 34, 34); font-family: Arial, Helvetica, sans-serif; font-size: large;\">Finance, Billing, Accounting, Payroll<br><\/span><br><\/p>\n\n\n\n\n\nEXPERTS\n\n\n<h6><font color=\"#ffffff\"><span>Analysis of the initial situation, existing resources, tasks and processes.&nbsp;<br><\/span><\/font><\/h6><div><font color=\"#ffffff\"><span><br><\/span><\/font><\/div><div><br><br><\/div>\n\n\n<h6><font color=\"#ffffff\">New markets, search for financing (banking and non-banking), business plan, financial models.<br><br><br><\/font><\/h6>\n\n\n<p><span style=\"color: rgb(255, 255, 255); font-family: Cabin, sans-serif; font-size: 14px; font-style: inherit; font-variant-ligatures: inherit; font-variant-caps: inherit; font-weight: inherit;\">Improvement of financial processes&nbsp;<\/span><span style=\"color: rgb(255, 255, 255); font-family: Cabin, sans-serif; font-size: 14px; font-style: inherit; font-variant-ligatures: inherit; font-variant-caps: inherit; font-weight: inherit;\">operations, audit, new departments.<br><br><\/span><\/p>\n\n\n\n\n\n\n<h3><strong>Member of:<\/strong><\/h3>","protected":false},"excerpt":{"rendered":"","protected":false},"author":1,"featured_media":0,"parent":0,"menu_order":0,"comment_status":"closed","ping_status":"open","template":"","meta":{"pagelayer_contact_templates":[],"_pagelayer_content":"","footnotes":""},"class_list":["post-17","page","type-page","status-publish","hentry"],"yoast_head":"<!-- This site is optimized with the Yoast SEO plugin v21.7 - https:\/\/yoast.com\/wordpress\/plugins\/seo\/ -->\n<title>Servicios - MZ Consultor Empresarial<\/title>\n<meta name=\"description\" content=\"Servicios NUESTROS SERVICIOS SERVICIOS DE CONSULTORIA EMPRESARIAL&nbsp; Direcci\u00f3n financiera externa, Asesor\u00eda contable fiscal y laboral, Marketing digital&nbsp; Direcci\u00f3n financiera externa, Asesor\u00eda contable fiscal y laboral, Marketing digital SERVICIOS DE BACK&hellip;\" \/>\n<meta name=\"robots\" content=\"index, follow, max-snippet:-1, max-image-preview:large, max-video-preview:-1\" \/>\n<link rel=\"canonical\" href=\"https:\/\/mzconsultorempresarial.com\/en\/servicios\/\" \/>\n<meta property=\"og:locale\" content=\"en_US\" \/>\n<meta property=\"og:type\" content=\"article\" \/>\n<meta property=\"og:title\" content=\"Servicios - MZ Consultor Empresarial\" \/>\n<meta property=\"og:url\" content=\"https:\/\/mzconsultorempresarial.com\/en\/servicios\/\" \/>\n<meta property=\"og:site_name\" content=\"MZ Consultor Empresarial\" \/>\n<meta property=\"article:publisher\" content=\"https:\/\/m.facebook.com\/p\/MZ-Consultor-Empresarial-100087972370969\/\" \/>\n<meta property=\"article:modified_time\" content=\"2023-12-19T01:48:19+00:00\" \/>\n<meta name=\"twitter:card\" content=\"summary_large_image\" \/>\n<script type=\"application\/ld+json\" class=\"yoast-schema-graph\">{\"@context\":\"https:\/\/schema.org\",\"@graph\":[{\"@type\":\"WebPage\",\"@id\":\"https:\/\/mzconsultorempresarial.com\/servicios\/\",\"url\":\"https:\/\/mzconsultorempresarial.com\/servicios\/\",\"name\":\"Servicios - MZ Consultor Empresarial\",\"isPartOf\":{\"@id\":\"https:\/\/mzconsultorempresarial.com\/#website\"},\"datePublished\":\"2021-03-29T13:52:10+00:00\",\"dateModified\":\"2023-12-19T01:48:19+00:00\",\"breadcrumb\":{\"@id\":\"https:\/\/mzconsultorempresarial.com\/servicios\/#breadcrumb\"},\"inLanguage\":\"en-US\",\"potentialAction\":[{\"@type\":\"ReadAction\",\"target\":[\"https:\/\/mzconsultorempresarial.com\/servicios\/\"]}]},{\"@type\":\"BreadcrumbList\",\"@id\":\"https:\/\/mzconsultorempresarial.com\/servicios\/#breadcrumb\",\"itemListElement\":[{\"@type\":\"ListItem\",\"position\":1,\"name\":\"Portada\",\"item\":\"https:\/\/mzconsultorempresarial.com\/\"},{\"@type\":\"ListItem\",\"position\":2,\"name\":\"Servicios\"}]},{\"@type\":\"WebSite\",\"@id\":\"https:\/\/mzconsultorempresarial.com\/#website\",\"url\":\"https:\/\/mzconsultorempresarial.com\/\",\"name\":\"MZ Consultor Empresarial\",\"description\":\"MZ Consultor Empresarial\",\"publisher\":{\"@id\":\"https:\/\/mzconsultorempresarial.com\/#organization\"},\"potentialAction\":[{\"@type\":\"SearchAction\",\"target\":{\"@type\":\"EntryPoint\",\"urlTemplate\":\"https:\/\/mzconsultorempresarial.com\/?s={search_term_string}\"},\"query-input\":\"required name=search_term_string\"}],\"inLanguage\":\"en-US\"},{\"@type\":\"Organization\",\"@id\":\"https:\/\/mzconsultorempresarial.com\/#organization\",\"name\":\"MZ Consultor Empresarial\",\"url\":\"https:\/\/mzconsultorempresarial.com\/\",\"logo\":{\"@type\":\"ImageObject\",\"inLanguage\":\"en-US\",\"@id\":\"https:\/\/mzconsultorempresarial.com\/#\/schema\/logo\/image\/\",\"url\":\"https:\/\/mzconsultorempresarial.com\/wp-content\/uploads\/2023\/11\/1668891452356.jpeg\",\"contentUrl\":\"https:\/\/mzconsultorempresarial.com\/wp-content\/uploads\/2023\/11\/1668891452356.jpeg\",\"width\":200,\"height\":200,\"caption\":\"MZ Consultor Empresarial\"},\"image\":{\"@id\":\"https:\/\/mzconsultorempresarial.com\/#\/schema\/logo\/image\/\"},\"sameAs\":[\"https:\/\/m.facebook.com\/p\/MZ-Consultor-Empresarial-100087972370969\/\",\"https:\/\/es.linkedin.com\/company\/mz-consultor-empresarial\"]}]}<\/script>\n<!-- \/ Yoast SEO plugin. -->","yoast_head_json":{"title":"Servicios - MZ Consultor Empresarial","description":"Servicios NUESTROS SERVICIOS SERVICIOS DE CONSULTORIA EMPRESARIAL&nbsp; Direcci\u00f3n financiera externa, Asesor\u00eda contable fiscal y laboral, Marketing digital&nbsp; Direcci\u00f3n financiera externa, Asesor\u00eda contable fiscal y laboral, Marketing digital SERVICIOS DE BACK&hellip;","robots":{"index":"index","follow":"follow","max-snippet":"max-snippet:-1","max-image-preview":"max-image-preview:large","max-video-preview":"max-video-preview:-1"},"canonical":"https:\/\/mzconsultorempresarial.com\/en\/servicios\/","og_locale":"en_US","og_type":"article","og_title":"Servicios - MZ Consultor Empresarial","og_url":"https:\/\/mzconsultorempresarial.com\/en\/servicios\/","og_site_name":"MZ Consultor Empresarial","article_publisher":"https:\/\/m.facebook.com\/p\/MZ-Consultor-Empresarial-100087972370969\/","article_modified_time":"2023-12-19T01:48:19+00:00","twitter_card":"summary_large_image","schema":{"@context":"https:\/\/schema.org","@graph":[{"@type":"WebPage","@id":"https:\/\/mzconsultorempresarial.com\/servicios\/","url":"https:\/\/mzconsultorempresarial.com\/servicios\/","name":"Servicios - MZ Consultor Empresarial","isPartOf":{"@id":"https:\/\/mzconsultorempresarial.com\/#website"},"datePublished":"2021-03-29T13:52:10+00:00","dateModified":"2023-12-19T01:48:19+00:00","breadcrumb":{"@id":"https:\/\/mzconsultorempresarial.com\/servicios\/#breadcrumb"},"inLanguage":"en-US","potentialAction":[{"@type":"ReadAction","target":["https:\/\/mzconsultorempresarial.com\/servicios\/"]}]},{"@type":"BreadcrumbList","@id":"https:\/\/mzconsultorempresarial.com\/servicios\/#breadcrumb","itemListElement":[{"@type":"ListItem","position":1,"name":"Portada","item":"https:\/\/mzconsultorempresarial.com\/"},{"@type":"ListItem","position":2,"name":"Servicios"}]},{"@type":"WebSite","@id":"https:\/\/mzconsultorempresarial.com\/#website","url":"https:\/\/mzconsultorempresarial.com\/","name":"MZ Consultor Empresarial","description":"MZ Consultor Empresarial","publisher":{"@id":"https:\/\/mzconsultorempresarial.com\/#organization"},"potentialAction":[{"@type":"SearchAction","target":{"@type":"EntryPoint","urlTemplate":"https:\/\/mzconsultorempresarial.com\/?s={search_term_string}"},"query-input":"required name=search_term_string"}],"inLanguage":"en-US"},{"@type":"Organization","@id":"https:\/\/mzconsultorempresarial.com\/#organization","name":"MZ Consultor Empresarial","url":"https:\/\/mzconsultorempresarial.com\/","logo":{"@type":"ImageObject","inLanguage":"en-US","@id":"https:\/\/mzconsultorempresarial.com\/#\/schema\/logo\/image\/","url":"https:\/\/mzconsultorempresarial.com\/wp-content\/uploads\/2023\/11\/1668891452356.jpeg","contentUrl":"https:\/\/mzconsultorempresarial.com\/wp-content\/uploads\/2023\/11\/1668891452356.jpeg","width":200,"height":200,"caption":"MZ Consultor Empresarial"},"image":{"@id":"https:\/\/mzconsultorempresarial.com\/#\/schema\/logo\/image\/"},"sameAs":["https:\/\/m.facebook.com\/p\/MZ-Consultor-Empresarial-100087972370969\/","https:\/\/es.linkedin.com\/company\/mz-consultor-empresarial"]}]}},"_links":{"self":[{"href":"https:\/\/mzconsultorempresarial.com\/en\/wp-json\/wp\/v2\/pages\/17","targetHints":{"allow":["GET"]}}],"collection":[{"href":"https:\/\/mzconsultorempresarial.com\/en\/wp-json\/wp\/v2\/pages"}],"about":[{"href":"https:\/\/mzconsultorempresarial.com\/en\/wp-json\/wp\/v2\/types\/page"}],"author":[{"embeddable":true,"href":"https:\/\/mzconsultorempresarial.com\/en\/wp-json\/wp\/v2\/users\/1"}],"replies":[{"embeddable":true,"href":"https:\/\/mzconsultorempresarial.com\/en\/wp-json\/wp\/v2\/comments?post=17"}],"version-history":[{"count":59,"href":"https:\/\/mzconsultorempresarial.com\/en\/wp-json\/wp\/v2\/pages\/17\/revisions"}],"predecessor-version":[{"id":654,"href":"https:\/\/mzconsultorempresarial.com\/en\/wp-json\/wp\/v2\/pages\/17\/revisions\/654"}],"wp:attachment":[{"href":"https:\/\/mzconsultorempresarial.com\/en\/wp-json\/wp\/v2\/media?parent=17"}],"curies":[{"name":"wp","href":"https:\/\/api.w.org\/{rel}","templated":true}]}}